{"id":2813,"date":"2024-10-19T17:20:55","date_gmt":"2024-10-19T16:20:55","guid":{"rendered":"https:\/\/topsteelshed.com\/?post_type=product&#038;p=2813"},"modified":"2026-01-03T20:13:44","modified_gmt":"2026-01-03T20:13:44","slug":"luxury-40ft-homes-pack-shipping-prefabricated-container","status":"publish","type":"product","link":"https:\/\/topsteelshed.com\/fr\/produit\/luxury-40ft-homes-pack-shipping-prefabricated-container\/","title":{"rendered":"Conteneur pr\u00e9fabriqu\u00e9 de luxe 20ft 30ft 40ft homes pack shipping"},"content":{"rendered":"<ul class=\"\">\n<li>Conception personnalisable et extensible : Cette maison en conteneur extensible de 20 \u00e0 40 pieds offre un espace de vie ou de travail unique et flexible qui peut \u00eatre adapt\u00e9 aux besoins sp\u00e9cifiques de l'utilisateur, qu'il s'agisse d'un bureau \u00e0 domicile ou d'une chambre d'h\u00f4tel.<\/li>\n<li>Mat\u00e9riaux durables et polyvalents : Construite avec de l'acier et des panneaux sandwich de haute qualit\u00e9, cette maison container est con\u00e7ue pour \u00eatre solide, durable et r\u00e9sistante \u00e0 diverses conditions environnementales, ce qui la rend adapt\u00e9e \u00e0 diverses applications.<\/li>\n<li>Style moderne et contemporain : La conception moderne et \u00e9l\u00e9gante de cette maison container pr\u00e9sente un style contemporain qui peut s'int\u00e9grer parfaitement dans n'importe quel environnement, des zones urbaines aux zones suburbaines, et peut \u00eatre personnalis\u00e9 pour correspondre \u00e0 la palette de couleurs souhait\u00e9e par l'utilisateur.<\/li>\n<li>Fonctionnalit\u00e9 polyvalente : Cette maison conteneur extensible peut servir de bureau \u00e0 domicile, de chambre d'h\u00f4pital, de villa, de chambre d'h\u00f4tel ou d'immeuble de bureaux, ce qui en fait une solution id\u00e9ale pour les utilisateurs qui ont besoin d'un espace polyvalent et efficace.<\/li>\n<li data-spm-anchor-id=\"a2700.details.0.i37.27e23170JRfOKp\">Service apr\u00e8s-vente complet : Le fournisseur offre une garantie d'un an et une assistance technique en ligne, ce qui permet \u00e0 l'utilisateur de b\u00e9n\u00e9ficier d'une assistance et d'un service de maintenance pour son abri conteneuris\u00e9, et lui assure une tranquillit\u00e9 d'esprit et une exp\u00e9rience de propri\u00e9t\u00e9 sans souci.<\/li>\n<\/ul>","protected":false},"excerpt":{"rendered":"<p>Customizable and Expandable Design: This 20Ft-40Ft expanding container house offers a unique and flexible living or working space that can be tailored to meet the specific needs of the user, whether it&#8217;s a home office or a hotel room. Durable and Versatile Material: Constructed with high-quality steel and sandwich panel materials, this container house is [&#8230;]","protected":false},"featured_media":2814,"template":"","meta":{"_acf_changed":false},"product_brand":[],"product_cat":[15],"product_tag":[],"class_list":{"0":"post-2813","1":"product","2":"type-product","3":"status-publish","4":"has-post-thumbnail","6":"product_cat-uncategorized","8":"first","9":"instock","10":"shipping-taxable","11":"purchasable","12":"product-type-simple"},"acf":[],"_links":{"self":[{"href":"https:\/\/topsteelshed.com\/fr\/wp-json\/wp\/v2\/product\/2813","targetHints":{"allow":["GET"]}}],"collection":[{"href":"https:\/\/topsteelshed.com\/fr\/wp-json\/wp\/v2\/product"}],"about":[{"href":"https:\/\/topsteelshed.com\/fr\/wp-json\/wp\/v2\/types\/product"}],"wp:featuredmedia":[{"embeddable":true,"href":"https:\/\/topsteelshed.com\/fr\/wp-json\/wp\/v2\/media\/2814"}],"wp:attachment":[{"href":"https:\/\/topsteelshed.com\/fr\/wp-json\/wp\/v2\/media?parent=2813"}],"wp:term":[{"taxonomy":"product_brand","embeddable":true,"href":"https:\/\/topsteelshed.com\/fr\/wp-json\/wp\/v2\/product_brand?post=2813"},{"taxonomy":"product_cat","embeddable":true,"href":"https:\/\/topsteelshed.com\/fr\/wp-json\/wp\/v2\/product_cat?post=2813"},{"taxonomy":"product_tag","embeddable":true,"href":"https:\/\/topsteelshed.com\/fr\/wp-json\/wp\/v2\/product_tag?post=2813"}],"curies":[{"name":"wp","href":"https:\/\/api.w.org\/{rel}","templated":true}]}}