{"id":2809,"date":"2024-10-19T17:03:13","date_gmt":"2024-10-19T16:03:13","guid":{"rendered":"https:\/\/topsteelshed.com\/?post_type=product&#038;p=2809"},"modified":"2026-01-03T20:07:17","modified_gmt":"2026-01-03T20:07:17","slug":"hot-sale-cheap-metal-steel-storage-facility-units-secure-self-storage-lockers","status":"publish","type":"product","link":"https:\/\/topsteelshed.com\/fr\/produit\/hot-sale-cheap-metal-steel-storage-facility-units-secure-self-storage-lockers\/","title":{"rendered":"Unit\u00e9 d'entreposage en m\u00e9tal et en acier Casiers d'entreposage libre-service s\u00e9curis\u00e9s"},"content":{"rendered":"<h3 class=\"magic-2\">Casiers de stockage en acier<\/h3>\n<div class=\"magic-3\">\n<div class=\"magic-4\">\n<div class=\"magic-5\" data-spm-anchor-id=\"a2700.details.0.i35.29a36c4262xTh9\">OPTIONS DE CONCEPTION ENDLESSES Lors de la conception de votre b\u00e2timent de self-stockage en acier, il est essentiel que vous preniez en compte les besoins uniques de votre population cible en mati\u00e8re d'espace, d'acc\u00e8s aux unit\u00e9s et de contr\u00f4le du climat, entre autres consid\u00e9rations. Nous proposons une large gamme de b\u00e2timents de self-stockage qui r\u00e9pondent \u00e0 une vari\u00e9t\u00e9 de besoins uniques, y compris : B\u00e2timents de stockage \u00e0 pente unique B\u00e2timents \u00e0 toit pignon B\u00e2timents avec couloirs int\u00e9rieurs B\u00e2timents offrant des unit\u00e9s \u00e0 parois lat\u00e9rales et\/ou \u00e0 parois d'extr\u00e9mit\u00e9 B\u00e2timents de stockage pour v\u00e9hicules de loisirs et bateaux Unit\u00e9s de stockage contr\u00f4l\u00e9es par le climat<\/div>\n<\/div>\n<\/div>\n<div data-spm-anchor-id=\"a2700.details.0.i35.29a36c4262xTh9\">\n<p>&nbsp;<\/p>\n<\/div>","protected":false},"excerpt":{"rendered":"<p class=\"landing-quote-banner__sub-title\">Des solutions de stockage simples<\/p>\n<h3 class=\"landing-quote-banner__title\">Des casiers pratiques pr\u00e8s de chez vous !<\/h3>\n<p><span class=\"landing-quote-banner__input-intro\">Optimisez l'entreposage de vos casiers avec Access Self Storage. Nos casiers de stockage sont con\u00e7us pour assurer la s\u00e9curit\u00e9, l'accessibilit\u00e9 et la commodit\u00e9, ce qui fait de nous le premier choix pour vos besoins en mati\u00e8re de stockage autonome. Que vous soyez en train de d\u00e9sencombrer votre maison, que vous soyez un \u00e9tudiant qui rentre chez lui pour l'\u00e9t\u00e9 ou que vous ayez besoin d'un peu plus d'espace, nos casiers d'entreposage sont tout ce dont vous avez besoin. Demandez un devis maintenant !<\/span><\/p>","protected":false},"featured_media":2810,"template":"","meta":{"_acf_changed":false},"product_brand":[],"product_cat":[15],"product_tag":[],"class_list":{"0":"post-2809","1":"product","2":"type-product","3":"status-publish","4":"has-post-thumbnail","6":"product_cat-uncategorized","8":"first","9":"instock","10":"shipping-taxable","11":"purchasable","12":"product-type-simple"},"acf":[],"_links":{"self":[{"href":"https:\/\/topsteelshed.com\/fr\/wp-json\/wp\/v2\/product\/2809","targetHints":{"allow":["GET"]}}],"collection":[{"href":"https:\/\/topsteelshed.com\/fr\/wp-json\/wp\/v2\/product"}],"about":[{"href":"https:\/\/topsteelshed.com\/fr\/wp-json\/wp\/v2\/types\/product"}],"wp:featuredmedia":[{"embeddable":true,"href":"https:\/\/topsteelshed.com\/fr\/wp-json\/wp\/v2\/media\/2810"}],"wp:attachment":[{"href":"https:\/\/topsteelshed.com\/fr\/wp-json\/wp\/v2\/media?parent=2809"}],"wp:term":[{"taxonomy":"product_brand","embeddable":true,"href":"https:\/\/topsteelshed.com\/fr\/wp-json\/wp\/v2\/product_brand?post=2809"},{"taxonomy":"product_cat","embeddable":true,"href":"https:\/\/topsteelshed.com\/fr\/wp-json\/wp\/v2\/product_cat?post=2809"},{"taxonomy":"product_tag","embeddable":true,"href":"https:\/\/topsteelshed.com\/fr\/wp-json\/wp\/v2\/product_tag?post=2809"}],"curies":[{"name":"wp","href":"https:\/\/api.w.org\/{rel}","templated":true}]}}