{"id":1960,"date":"2024-10-09T11:26:33","date_gmt":"2024-10-09T10:26:33","guid":{"rendered":"https:\/\/topsteelshed.com\/?post_type=product&#038;p=1960"},"modified":"2026-01-03T20:13:44","modified_gmt":"2026-01-03T20:13:44","slug":"garage-carport-builder","status":"publish","type":"product","link":"https:\/\/topsteelshed.com\/fr\/produit\/garage-carport-builder\/","title":{"rendered":"Constructeur de garages et d'abris"},"content":{"rendered":"","protected":false},"excerpt":{"rendered":"<p>Transformez votre propri\u00e9t\u00e9 avec <strong>Top Steel Shed<\/strong>Les abris de voiture et les garages en m\u00e9tal sont enti\u00e8rement personnalisables. Choisissez parmi une large gamme de tailles, de couleurs et de caract\u00e9ristiques pour concevoir l'abri parfait adapt\u00e9 \u00e0 vos besoins uniques. Faites l'exp\u00e9rience d'une qualit\u00e9 exceptionnelle et d'un service personnalis\u00e9 - commencez \u00e0 personnaliser la structure de vos r\u00eaves avec nous d\u00e8s aujourd'hui !<\/p>","protected":false},"featured_media":1567,"template":"","meta":{"_acf_changed":false},"product_brand":[],"product_cat":[15],"product_tag":[],"class_list":{"0":"post-1960","1":"product","2":"type-product","3":"status-publish","4":"has-post-thumbnail","6":"product_cat-uncategorized","8":"first","9":"instock","10":"shipping-taxable","11":"purchasable","12":"product-type-simple"},"acf":[],"_links":{"self":[{"href":"https:\/\/topsteelshed.com\/fr\/wp-json\/wp\/v2\/product\/1960","targetHints":{"allow":["GET"]}}],"collection":[{"href":"https:\/\/topsteelshed.com\/fr\/wp-json\/wp\/v2\/product"}],"about":[{"href":"https:\/\/topsteelshed.com\/fr\/wp-json\/wp\/v2\/types\/product"}],"wp:featuredmedia":[{"embeddable":true,"href":"https:\/\/topsteelshed.com\/fr\/wp-json\/wp\/v2\/media\/1567"}],"wp:attachment":[{"href":"https:\/\/topsteelshed.com\/fr\/wp-json\/wp\/v2\/media?parent=1960"}],"wp:term":[{"taxonomy":"product_brand","embeddable":true,"href":"https:\/\/topsteelshed.com\/fr\/wp-json\/wp\/v2\/product_brand?post=1960"},{"taxonomy":"product_cat","embeddable":true,"href":"https:\/\/topsteelshed.com\/fr\/wp-json\/wp\/v2\/product_cat?post=1960"},{"taxonomy":"product_tag","embeddable":true,"href":"https:\/\/topsteelshed.com\/fr\/wp-json\/wp\/v2\/product_tag?post=1960"}],"curies":[{"name":"wp","href":"https:\/\/api.w.org\/{rel}","templated":true}]}}