{"id":9,"date":"2024-04-16T04:53:06","date_gmt":"2024-04-16T03:53:06","guid":{"rendered":"https:\/\/topsteelshed.com\/?page_id=9"},"modified":"2024-12-05T07:20:19","modified_gmt":"2024-12-05T07:20:19","slug":"refund_returns","status":"publish","type":"page","link":"https:\/\/topsteelshed.com\/fr\/refund_returns\/","title":{"rendered":"Politique de remboursement et de retour"},"content":{"rendered":"<h3 class=\"wp-block-heading\">Politique d'exp\u00e9dition<\/h3>\n\n\n\n<p>Nos services d'exp\u00e9dition s'\u00e9tendent sur toute la plan\u00e8te, couvrant la majorit\u00e9 des pays du monde. Plus pr\u00e9cis\u00e9ment, nous assurons la livraison aux \u00c9tats-Unis, au Canada, au Royaume-Uni, en Nouvelle-Z\u00e9lande, en Australie, en Cor\u00e9e du Sud, au Japon, dans tous les pays d'Europe, en Tha\u00eflande et au Mexique. Cette liste n'est pas exhaustive, car nous nous effor\u00e7ons en permanence d'\u00e9tendre notre port\u00e9e afin de garantir que, o\u00f9 que vous soyez, vous puissiez avoir acc\u00e8s \u00e0 nos produits uniques fabriqu\u00e9s \u00e0 la main. Nous travaillons en partenariat avec un r\u00e9seau de transporteurs fiables pour livrer nos articles efficacement et en toute s\u00e9curit\u00e9 jusqu'\u00e0 votre porte. Les d\u00e9lais de livraison estim\u00e9s pour nos produits sont d\u00e9taill\u00e9s sur leurs pages respectives, afin de vous tenir inform\u00e9 \u00e0 chaque \u00e9tape du processus. Au fond, nous nous engageons \u00e0 rendre nos produits de haute qualit\u00e9, fabriqu\u00e9s sur commande, accessibles \u00e0 un public aussi large que possible, en c\u00e9l\u00e9brant la joie de l'artisanat dans les foyers du monde entier.<\/p>\n\n\n\n<ul class=\"wp-block-list\">\n<li><strong>Frais d'exp\u00e9dition<\/strong>: Ils sont calcul\u00e9s en fonction du poids total de votre commande et du mode d'exp\u00e9dition choisi, hors taxe de vente applicable.<\/li>\n\n\n\n<li><strong>Commandes internationales<\/strong>: Nos services couvrent actuellement les r\u00e9gions mentionn\u00e9es et nous pr\u00e9voyons d'\u00e9tendre nos destinations d'exp\u00e9dition dans un avenir proche. Nous nous engageons \u00e0 mettre nos produits uniques, fabriqu\u00e9s \u00e0 la main, \u00e0 la disposition d'un public mondial.<\/li>\n<\/ul>\n\n\n\n<h2 class=\"wp-block-heading\"><strong>Politique de retour et d'\u00e9change<\/strong><\/h2>\n\n\n\n<ul class=\"wp-block-list\">\n<li><strong>Annulations<\/strong>: Pour les commandes qui n'ont pas encore \u00e9t\u00e9 exp\u00e9di\u00e9es, nous proposons un remboursement int\u00e9gral. Cette politique garantit \u00e0 nos clients flexibilit\u00e9 et tranquillit\u00e9 d'esprit pendant le processus d'achat.<\/li>\n\n\n\n<li><strong>Articles sur mesure<\/strong>: Nos produits \u00e9tant principalement fabriqu\u00e9s \u00e0 la main et sur commande, les produits fabriqu\u00e9s \u00e0 la main ne peuvent \u00eatre rembours\u00e9s. Il est imp\u00e9ratif de v\u00e9rifier l'orthographe des noms et des finitions s\u00e9lectionn\u00e9es lors de la commande. Une fois la production commenc\u00e9e, nous ne pouvons pas accepter d'annulation ou de retour pour ces pi\u00e8ces personnalis\u00e9es.<\/li>\n<\/ul>\n\n\n\n<p><strong>Traitement des probl\u00e8mes de qualit\u00e9<\/strong><\/p>\n\n\n\n<p>\u00c9tant donn\u00e9 la nature artisanale de nos produits, de l\u00e9g\u00e8res variations sont inh\u00e9rentes et contribuent au caract\u00e8re unique de chaque article. Nous nous effor\u00e7ons d'atteindre l'excellence dans chaque pi\u00e8ce que nous cr\u00e9ons, mais nous vous demandons de faire preuve de compr\u00e9hension en cas de diff\u00e9rences mineures. Si vous rencontrez des probl\u00e8mes avec des articles incomplets ou manquants dans votre commande, veuillez nous contacter \u00e0 l'adresse suivante <a href=\"mailto:support@goodlacey.com\" data-type=\"mailto\" data-id=\"mailto:support@goodlacey.com\" target=\"_blank\" rel=\"noreferrer noopener\">support@goodlacey.com<\/a> dans les 7 jours suivant la r\u00e9ception de vos produits. Nous nous engageons \u00e0 r\u00e9soudre rapidement vos probl\u00e8mes et \u00e0 garantir votre satisfaction.<\/p>\n\n\n\n<p><strong>Nous contacter<\/strong><\/p>\n\n\n\n<p>Pour toute question ou pr\u00e9cision concernant notre politique d'exp\u00e9dition et de retour, ou pour en savoir plus sur nos produits fabriqu\u00e9s \u00e0 la main et sur commande, n'h\u00e9sitez pas \u00e0 nous contacter \u00e0 l'adresse suivante <a href=\"mailto:support@goodlacey.com\" data-type=\"mailto\" data-id=\"mailto:support@goodlacey.com\" target=\"_blank\" rel=\"noreferrer noopener\">support@goodlacey.com<\/a>.<\/p>","protected":false},"excerpt":{"rendered":"<p>Shipping Policy Our shipping services span across the globe, covering the majority of countries worldwide. Specifically, we provide shipping to the United States, Canada, the United Kingdom, New Zealand, Australia, South Korea, Japan, countries throughout Europe, Thailand, and Mexico. This list is not exhaustive, as we continuously work to extend our reach to ensure that [&#8230;]","protected":false},"author":2,"featured_media":0,"parent":0,"menu_order":0,"comment_status":"closed","ping_status":"closed","template":"page-blank-sub-nav-vertical.php","meta":{"_acf_changed":false,"footnotes":""},"class_list":["post-9","page","type-page","status-publish","hentry"],"acf":[],"_links":{"self":[{"href":"https:\/\/topsteelshed.com\/fr\/wp-json\/wp\/v2\/pages\/9","targetHints":{"allow":["GET"]}}],"collection":[{"href":"https:\/\/topsteelshed.com\/fr\/wp-json\/wp\/v2\/pages"}],"about":[{"href":"https:\/\/topsteelshed.com\/fr\/wp-json\/wp\/v2\/types\/page"}],"author":[{"embeddable":true,"href":"https:\/\/topsteelshed.com\/fr\/wp-json\/wp\/v2\/users\/2"}],"replies":[{"embeddable":true,"href":"https:\/\/topsteelshed.com\/fr\/wp-json\/wp\/v2\/comments?post=9"}],"version-history":[{"count":2,"href":"https:\/\/topsteelshed.com\/fr\/wp-json\/wp\/v2\/pages\/9\/revisions"}],"predecessor-version":[{"id":330,"href":"https:\/\/topsteelshed.com\/fr\/wp-json\/wp\/v2\/pages\/9\/revisions\/330"}],"wp:attachment":[{"href":"https:\/\/topsteelshed.com\/fr\/wp-json\/wp\/v2\/media?parent=9"}],"curies":[{"name":"wp","href":"https:\/\/api.w.org\/{rel}","templated":true}]}}