{"id":2813,"date":"2024-10-19T17:20:55","date_gmt":"2024-10-19T16:20:55","guid":{"rendered":"https:\/\/topsteelshed.com\/?post_type=product&#038;p=2813"},"modified":"2026-01-03T20:13:44","modified_gmt":"2026-01-03T20:13:44","slug":"luxury-40ft-homes-pack-shipping-prefabricated-container","status":"publish","type":"product","link":"https:\/\/topsteelshed.com\/es\/producto\/luxury-40ft-homes-pack-shipping-prefabricated-container\/","title":{"rendered":"Lujo 20ft 30ft 40ft casas paquete de env\u00edo de contenedores prefabricados"},"content":{"rendered":"<ul class=\"\">\n<li>Dise\u00f1o personalizable y ampliable: Esta casa contenedor expansible de 20Ft-40Ft ofrece un espacio de vida o de trabajo \u00fanico y flexible que se puede adaptar para satisfacer las necesidades espec\u00edficas del usuario, ya sea una oficina en casa o una habitaci\u00f3n de hotel.<\/li>\n<li>Material duradero y vers\u00e1til: Construida con acero de alta calidad y materiales de panel s\u00e1ndwich, esta casa contenedor est\u00e1 dise\u00f1ada para ser fuerte, duradera y resistente a diversas condiciones ambientales, por lo que es adecuada para diversas aplicaciones.<\/li>\n<li>Estilo moderno y contempor\u00e1neo: El dise\u00f1o elegante y moderno de esta casa contenedor presenta un estilo contempor\u00e1neo que puede integrarse perfectamente en cualquier entorno, desde zonas urbanas a suburbanas, y puede personalizarse para adaptarse a la combinaci\u00f3n de colores deseada por el usuario.<\/li>\n<li>Funcionalidad polivalente: Esta casa contenedor ampliable puede servir como oficina dom\u00e9stica, habitaci\u00f3n de hospital, chalet, habitaci\u00f3n de hotel o edificio de oficinas, lo que la convierte en una soluci\u00f3n ideal para los usuarios que necesitan un espacio vers\u00e1til y eficiente.<\/li>\n<li data-spm-anchor-id=\"a2700.details.0.i37.27e23170JRfOKp\">Servicio posventa completo: El proveedor ofrece 1 a\u00f1o de garant\u00eda y soporte t\u00e9cnico en l\u00ednea, asegurando que el usuario reciba asistencia y soporte de mantenimiento para su casa contenedor, proporcionando tranquilidad y una experiencia de propiedad sin preocupaciones.<\/li>\n<\/ul>","protected":false},"excerpt":{"rendered":"<p>Customizable and Expandable Design: This 20Ft-40Ft expanding container house offers a unique and flexible living or working space that can be tailored to meet the specific needs of the user, whether it&#8217;s a home office or a hotel room. Durable and Versatile Material: Constructed with high-quality steel and sandwich panel materials, this container house is [&#8230;]","protected":false},"featured_media":2814,"template":"","meta":{"_acf_changed":false},"product_brand":[],"product_cat":[15],"product_tag":[],"class_list":{"0":"post-2813","1":"product","2":"type-product","3":"status-publish","4":"has-post-thumbnail","6":"product_cat-uncategorized","8":"first","9":"instock","10":"shipping-taxable","11":"purchasable","12":"product-type-simple"},"acf":[],"_links":{"self":[{"href":"https:\/\/topsteelshed.com\/es\/wp-json\/wp\/v2\/product\/2813","targetHints":{"allow":["GET"]}}],"collection":[{"href":"https:\/\/topsteelshed.com\/es\/wp-json\/wp\/v2\/product"}],"about":[{"href":"https:\/\/topsteelshed.com\/es\/wp-json\/wp\/v2\/types\/product"}],"wp:featuredmedia":[{"embeddable":true,"href":"https:\/\/topsteelshed.com\/es\/wp-json\/wp\/v2\/media\/2814"}],"wp:attachment":[{"href":"https:\/\/topsteelshed.com\/es\/wp-json\/wp\/v2\/media?parent=2813"}],"wp:term":[{"taxonomy":"product_brand","embeddable":true,"href":"https:\/\/topsteelshed.com\/es\/wp-json\/wp\/v2\/product_brand?post=2813"},{"taxonomy":"product_cat","embeddable":true,"href":"https:\/\/topsteelshed.com\/es\/wp-json\/wp\/v2\/product_cat?post=2813"},{"taxonomy":"product_tag","embeddable":true,"href":"https:\/\/topsteelshed.com\/es\/wp-json\/wp\/v2\/product_tag?post=2813"}],"curies":[{"name":"wp","href":"https:\/\/api.w.org\/{rel}","templated":true}]}}