{"id":2809,"date":"2024-10-19T17:03:13","date_gmt":"2024-10-19T16:03:13","guid":{"rendered":"https:\/\/topsteelshed.com\/?post_type=product&#038;p=2809"},"modified":"2026-01-03T20:07:17","modified_gmt":"2026-01-03T20:07:17","slug":"hot-sale-cheap-metal-steel-storage-facility-units-secure-self-storage-lockers","status":"publish","type":"product","link":"https:\/\/topsteelshed.com\/es\/producto\/hot-sale-cheap-metal-steel-storage-facility-units-secure-self-storage-lockers\/","title":{"rendered":"Metal Steel Storage Facility Units Taquillas de autoalmacenamiento seguras"},"content":{"rendered":"<h3 class=\"magic-2\">Taquillas de acero<\/h3>\n<div class=\"magic-3\">\n<div class=\"magic-4\">\n<div class=\"magic-5\" data-spm-anchor-id=\"a2700.details.0.i35.29a36c4262xTh9\">OPCIONES DE DISE\u00d1O ININTERMINABLES A la hora de dise\u00f1ar su edificio de acero para autoalmacenamiento, es esencial que tenga en cuenta las necesidades espec\u00edficas de su p\u00fablico objetivo en lo que respecta al espacio, el acceso a las unidades y el control clim\u00e1tico, entre otras consideraciones. Ofrecemos una amplia gama de edificios de almacenamiento que satisfacen una variedad de necesidades \u00fanicas, incluyendo: Edificios de almacenamiento de una sola vertiente Edificios con tejado a dos aguas Edificios con pasillos interiores Edificios que ofrecen unidades de pared lateral y\/o pared final Edificios de almacenamiento para veh\u00edculos recreativos y barcos Unidades de almacenamiento con control clim\u00e1tico<\/div>\n<\/div>\n<\/div>\n<div data-spm-anchor-id=\"a2700.details.0.i35.29a36c4262xTh9\">\n<p>&nbsp;<\/p>\n<\/div>","protected":false},"excerpt":{"rendered":"<p class=\"landing-quote-banner__sub-title\">Soluciones de almacenamiento sencillas<\/p>\n<h3 class=\"landing-quote-banner__title\">Almacenamiento en taquillas cerca de usted<\/h3>\n<p><span class=\"landing-quote-banner__input-intro\">Maximice el almacenamiento de sus taquillas con Access Self Storage. Nuestras taquillas est\u00e1n dise\u00f1adas para ofrecer seguridad, accesibilidad y comodidad, lo que nos convierte en la mejor opci\u00f3n para sus necesidades de almacenamiento. Tanto si est\u00e1 despejando su casa, como si es un estudiante que vuelve a casa en verano o quiere un poco de espacio extra, nuestras taquillas de almacenamiento son todo lo que necesita. \u00a1Pida presupuesto ahora!<\/span><\/p>","protected":false},"featured_media":2810,"template":"","meta":{"_acf_changed":false},"product_brand":[],"product_cat":[15],"product_tag":[],"class_list":{"0":"post-2809","1":"product","2":"type-product","3":"status-publish","4":"has-post-thumbnail","6":"product_cat-uncategorized","8":"first","9":"instock","10":"shipping-taxable","11":"purchasable","12":"product-type-simple"},"acf":[],"_links":{"self":[{"href":"https:\/\/topsteelshed.com\/es\/wp-json\/wp\/v2\/product\/2809","targetHints":{"allow":["GET"]}}],"collection":[{"href":"https:\/\/topsteelshed.com\/es\/wp-json\/wp\/v2\/product"}],"about":[{"href":"https:\/\/topsteelshed.com\/es\/wp-json\/wp\/v2\/types\/product"}],"wp:featuredmedia":[{"embeddable":true,"href":"https:\/\/topsteelshed.com\/es\/wp-json\/wp\/v2\/media\/2810"}],"wp:attachment":[{"href":"https:\/\/topsteelshed.com\/es\/wp-json\/wp\/v2\/media?parent=2809"}],"wp:term":[{"taxonomy":"product_brand","embeddable":true,"href":"https:\/\/topsteelshed.com\/es\/wp-json\/wp\/v2\/product_brand?post=2809"},{"taxonomy":"product_cat","embeddable":true,"href":"https:\/\/topsteelshed.com\/es\/wp-json\/wp\/v2\/product_cat?post=2809"},{"taxonomy":"product_tag","embeddable":true,"href":"https:\/\/topsteelshed.com\/es\/wp-json\/wp\/v2\/product_tag?post=2809"}],"curies":[{"name":"wp","href":"https:\/\/api.w.org\/{rel}","templated":true}]}}