{"id":1960,"date":"2024-10-09T11:26:33","date_gmt":"2024-10-09T10:26:33","guid":{"rendered":"https:\/\/topsteelshed.com\/?post_type=product&#038;p=1960"},"modified":"2026-01-03T20:13:44","modified_gmt":"2026-01-03T20:13:44","slug":"garage-carport-builder","status":"publish","type":"product","link":"https:\/\/topsteelshed.com\/es\/producto\/garage-carport-builder\/","title":{"rendered":"Garaje&amp;Carport Constructor"},"content":{"rendered":"","protected":false},"excerpt":{"rendered":"<p>Transforme su propiedad con <strong>Cobertizo de acero Top<\/strong>totalmente personalizables. Elija entre una amplia gama de tama\u00f1os, colores y caracter\u00edsticas para dise\u00f1ar el refugio perfecto adaptado a sus necesidades \u00fanicas. Experimente una calidad excepcional y un servicio personalizado: \u00a1empiece hoy mismo a personalizar la estructura de sus sue\u00f1os con nosotros!<\/p>","protected":false},"featured_media":1567,"template":"","meta":{"_acf_changed":false},"product_brand":[],"product_cat":[15],"product_tag":[],"class_list":{"0":"post-1960","1":"product","2":"type-product","3":"status-publish","4":"has-post-thumbnail","6":"product_cat-uncategorized","8":"first","9":"instock","10":"shipping-taxable","11":"purchasable","12":"product-type-simple"},"acf":[],"_links":{"self":[{"href":"https:\/\/topsteelshed.com\/es\/wp-json\/wp\/v2\/product\/1960","targetHints":{"allow":["GET"]}}],"collection":[{"href":"https:\/\/topsteelshed.com\/es\/wp-json\/wp\/v2\/product"}],"about":[{"href":"https:\/\/topsteelshed.com\/es\/wp-json\/wp\/v2\/types\/product"}],"wp:featuredmedia":[{"embeddable":true,"href":"https:\/\/topsteelshed.com\/es\/wp-json\/wp\/v2\/media\/1567"}],"wp:attachment":[{"href":"https:\/\/topsteelshed.com\/es\/wp-json\/wp\/v2\/media?parent=1960"}],"wp:term":[{"taxonomy":"product_brand","embeddable":true,"href":"https:\/\/topsteelshed.com\/es\/wp-json\/wp\/v2\/product_brand?post=1960"},{"taxonomy":"product_cat","embeddable":true,"href":"https:\/\/topsteelshed.com\/es\/wp-json\/wp\/v2\/product_cat?post=1960"},{"taxonomy":"product_tag","embeddable":true,"href":"https:\/\/topsteelshed.com\/es\/wp-json\/wp\/v2\/product_tag?post=1960"}],"curies":[{"name":"wp","href":"https:\/\/api.w.org\/{rel}","templated":true}]}}