{"id":9,"date":"2024-04-16T04:53:06","date_gmt":"2024-04-16T03:53:06","guid":{"rendered":"https:\/\/topsteelshed.com\/?page_id=9"},"modified":"2024-12-05T07:20:19","modified_gmt":"2024-12-05T07:20:19","slug":"refund_returns","status":"publish","type":"page","link":"https:\/\/topsteelshed.com\/es\/refund_returns\/","title":{"rendered":"Pol\u00edtica de devoluciones y reembolsos"},"content":{"rendered":"<h3 class=\"wp-block-heading\">Pol\u00edtica de env\u00edos<\/h3>\n\n\n\n<p>Nuestros servicios de env\u00edo abarcan todo el mundo, cubriendo la mayor\u00eda de los pa\u00edses del mundo. En concreto, realizamos env\u00edos a Estados Unidos, Canad\u00e1, Reino Unido, Nueva Zelanda, Australia, Corea del Sur, Jap\u00f3n, pa\u00edses de Europa, Tailandia y M\u00e9xico. Esta lista no es exhaustiva, ya que trabajamos continuamente para ampliar nuestro alcance y garantizar que, est\u00e9 donde est\u00e9, pueda acceder a nuestros exclusivos productos artesanales. Colaboramos con una red de transportistas de confianza para entregar nuestros art\u00edculos de forma eficaz y segura en la puerta de su casa. Los plazos de entrega estimados de nuestros productos se detallan en sus respectivas p\u00e1ginas, dise\u00f1adas para mantenerle informado en todo momento. Nuestro objetivo principal es poner nuestros productos de alta calidad hechos a medida al alcance de un p\u00fablico lo m\u00e1s amplio posible, celebrando la alegr\u00eda de la artesan\u00eda en los hogares de todo el mundo.<\/p>\n\n\n\n<ul class=\"wp-block-list\">\n<li><strong>Gastos de env\u00edo<\/strong>: Se calculan en funci\u00f3n del peso total de su pedido y del m\u00e9todo de env\u00edo elegido, sin incluir el impuesto sobre las ventas aplicable.<\/li>\n\n\n\n<li><strong>Pedidos internacionales<\/strong>: Nuestros servicios abarcan actualmente las regiones mencionadas, con planes de ampliar nuestros destinos de env\u00edo en un futuro pr\u00f3ximo. Nos comprometemos a poner nuestros productos \u00fanicos y artesanales a disposici\u00f3n de un p\u00fablico mundial.<\/li>\n<\/ul>\n\n\n\n<h2 class=\"wp-block-heading\"><strong>Pol\u00edtica de cambios y devoluciones<\/strong><\/h2>\n\n\n\n<ul class=\"wp-block-list\">\n<li><strong>Anulaciones<\/strong>: Para los pedidos que a\u00fan no han sido enviados, apoyamos un reembolso completo. Esta pol\u00edtica garantiza a nuestros clientes flexibilidad y tranquilidad durante el proceso de compra.<\/li>\n\n\n\n<li><strong>Art\u00edculos personalizados<\/strong>: Dado que nuestros productos son predominantemente artesanales y se fabrican por encargo, no se admiten devoluciones. Es imprescindible comprobar la ortograf\u00eda de los nombres y los acabados seleccionados al realizar el pedido. Una vez iniciada la producci\u00f3n, no podemos aceptar cancelaciones ni devoluciones de estas piezas personalizadas.<\/li>\n<\/ul>\n\n\n\n<p><strong>Gesti\u00f3n de problemas de calidad<\/strong><\/p>\n\n\n\n<p>Dada la naturaleza artesanal de nuestros productos, las peque\u00f1as variaciones son inherentes y contribuyen a la singularidad de cada art\u00edculo. Nos esforzamos por conseguir la excelencia en cada pieza que creamos, pero le rogamos su comprensi\u00f3n en caso de peque\u00f1as discrepancias. Si encuentra alg\u00fan problema con art\u00edculos incompletos o que faltan en su pedido, p\u00f3ngase en contacto con nosotros en <a href=\"mailto:support@goodlacey.com\" data-type=\"mailto\" data-id=\"mailto:support@goodlacey.com\" target=\"_blank\" rel=\"noreferrer noopener\">support@goodlacey.com<\/a> en un plazo de 7 d\u00edas a partir de la recepci\u00f3n de sus productos. Nos comprometemos plenamente a resolver sus dudas con prontitud y a garantizar su satisfacci\u00f3n.<\/p>\n\n\n\n<p><strong>P\u00f3ngase en contacto con nosotros<\/strong><\/p>\n\n\n\n<p>Para cualquier pregunta o aclaraci\u00f3n sobre nuestra pol\u00edtica de env\u00edos y devoluciones, o para saber m\u00e1s sobre nuestros productos artesanales hechos a medida, no dude en ponerse en contacto con nosotros en <a href=\"mailto:support@goodlacey.com\" data-type=\"mailto\" data-id=\"mailto:support@goodlacey.com\" target=\"_blank\" rel=\"noreferrer noopener\">support@goodlacey.com<\/a>.<\/p>","protected":false},"excerpt":{"rendered":"<p>Shipping Policy Our shipping services span across the globe, covering the majority of countries worldwide. Specifically, we provide shipping to the United States, Canada, the United Kingdom, New Zealand, Australia, South Korea, Japan, countries throughout Europe, Thailand, and Mexico. This list is not exhaustive, as we continuously work to extend our reach to ensure that [&#8230;]","protected":false},"author":2,"featured_media":0,"parent":0,"menu_order":0,"comment_status":"closed","ping_status":"closed","template":"page-blank-sub-nav-vertical.php","meta":{"_acf_changed":false,"footnotes":""},"class_list":["post-9","page","type-page","status-publish","hentry"],"acf":[],"_links":{"self":[{"href":"https:\/\/topsteelshed.com\/es\/wp-json\/wp\/v2\/pages\/9","targetHints":{"allow":["GET"]}}],"collection":[{"href":"https:\/\/topsteelshed.com\/es\/wp-json\/wp\/v2\/pages"}],"about":[{"href":"https:\/\/topsteelshed.com\/es\/wp-json\/wp\/v2\/types\/page"}],"author":[{"embeddable":true,"href":"https:\/\/topsteelshed.com\/es\/wp-json\/wp\/v2\/users\/2"}],"replies":[{"embeddable":true,"href":"https:\/\/topsteelshed.com\/es\/wp-json\/wp\/v2\/comments?post=9"}],"version-history":[{"count":2,"href":"https:\/\/topsteelshed.com\/es\/wp-json\/wp\/v2\/pages\/9\/revisions"}],"predecessor-version":[{"id":330,"href":"https:\/\/topsteelshed.com\/es\/wp-json\/wp\/v2\/pages\/9\/revisions\/330"}],"wp:attachment":[{"href":"https:\/\/topsteelshed.com\/es\/wp-json\/wp\/v2\/media?parent=9"}],"curies":[{"name":"wp","href":"https:\/\/api.w.org\/{rel}","templated":true}]}}