{"id":1960,"date":"2024-10-09T11:26:33","date_gmt":"2024-10-09T10:26:33","guid":{"rendered":"https:\/\/topsteelshed.com\/?post_type=product&#038;p=1960"},"modified":"2026-01-03T20:13:44","modified_gmt":"2026-01-03T20:13:44","slug":"garage-carport-builder","status":"publish","type":"product","link":"https:\/\/topsteelshed.com\/de\/produkt\/garage-carport-builder\/","title":{"rendered":"Garage&amp;Carport Bauherr"},"content":{"rendered":"","protected":false},"excerpt":{"rendered":"<p>Verwandeln Sie Ihre Immobilie mit <strong>Top Stahlschuppen<\/strong>Carports und Garagen aus Metall, die vollst\u00e4ndig anpassbar sind. W\u00e4hlen Sie aus einer breiten Palette von Gr\u00f6\u00dfen, Farben und Funktionen, um die perfekte \u00dcberdachung zu entwerfen, die auf Ihre individuellen Bed\u00fcrfnisse zugeschnitten ist. Erleben Sie au\u00dfergew\u00f6hnliche Qualit\u00e4t und pers\u00f6nlichen Service - beginnen Sie noch heute mit der Gestaltung Ihres Traumhauses mit uns!<\/p>","protected":false},"featured_media":1567,"template":"","meta":{"_acf_changed":false},"product_brand":[],"product_cat":[15],"product_tag":[],"class_list":{"0":"post-1960","1":"product","2":"type-product","3":"status-publish","4":"has-post-thumbnail","6":"product_cat-uncategorized","8":"first","9":"instock","10":"shipping-taxable","11":"purchasable","12":"product-type-simple"},"acf":[],"_links":{"self":[{"href":"https:\/\/topsteelshed.com\/de\/wp-json\/wp\/v2\/product\/1960","targetHints":{"allow":["GET"]}}],"collection":[{"href":"https:\/\/topsteelshed.com\/de\/wp-json\/wp\/v2\/product"}],"about":[{"href":"https:\/\/topsteelshed.com\/de\/wp-json\/wp\/v2\/types\/product"}],"wp:featuredmedia":[{"embeddable":true,"href":"https:\/\/topsteelshed.com\/de\/wp-json\/wp\/v2\/media\/1567"}],"wp:attachment":[{"href":"https:\/\/topsteelshed.com\/de\/wp-json\/wp\/v2\/media?parent=1960"}],"wp:term":[{"taxonomy":"product_brand","embeddable":true,"href":"https:\/\/topsteelshed.com\/de\/wp-json\/wp\/v2\/product_brand?post=1960"},{"taxonomy":"product_cat","embeddable":true,"href":"https:\/\/topsteelshed.com\/de\/wp-json\/wp\/v2\/product_cat?post=1960"},{"taxonomy":"product_tag","embeddable":true,"href":"https:\/\/topsteelshed.com\/de\/wp-json\/wp\/v2\/product_tag?post=1960"}],"curies":[{"name":"wp","href":"https:\/\/api.w.org\/{rel}","templated":true}]}}