{"id":9,"date":"2024-04-16T04:53:06","date_gmt":"2024-04-16T03:53:06","guid":{"rendered":"https:\/\/topsteelshed.com\/?page_id=9"},"modified":"2024-12-05T07:20:19","modified_gmt":"2024-12-05T07:20:19","slug":"refund_returns","status":"publish","type":"page","link":"https:\/\/topsteelshed.com\/de\/refund_returns\/","title":{"rendered":"Erstattungs- und R\u00fcckgabebestimmungen"},"content":{"rendered":"<h3 class=\"wp-block-heading\">Versandpolitik<\/h3>\n\n\n\n<p>Unsere Versanddienstleistungen erstrecken sich \u00fcber den gesamten Globus und decken die meisten L\u00e4nder weltweit ab. Insbesondere bieten wir den Versand in die USA, nach Kanada, Gro\u00dfbritannien, Neuseeland, Australien, S\u00fcdkorea, Japan, in europ\u00e4ische L\u00e4nder, Thailand und Mexiko an. Diese Liste erhebt keinen Anspruch auf Vollst\u00e4ndigkeit, da wir st\u00e4ndig daran arbeiten, unsere Reichweite zu vergr\u00f6\u00dfern, um sicherzustellen, dass Sie, egal wo Sie sich befinden, Zugang zu unseren einzigartigen, handgefertigten Produkten haben. Wir arbeiten mit einem Netzwerk von zuverl\u00e4ssigen Spediteuren zusammen, um unsere Produkte effizient und sicher zu Ihnen nach Hause zu liefern. Die voraussichtlichen Lieferzeiten f\u00fcr unsere Produkte sind auf den jeweiligen Seiten angegeben, damit Sie bei jedem Schritt informiert sind. Unser wichtigstes Anliegen ist es, unsere hochwertigen, auf Bestellung gefertigten Produkte einem m\u00f6glichst breiten Publikum zug\u00e4nglich zu machen und die Freude an der Handwerkskunst in Haushalten auf der ganzen Welt zu feiern.<\/p>\n\n\n\n<ul class=\"wp-block-list\">\n<li><strong>Kosten f\u00fcr den Versand<\/strong>: Diese werden auf der Grundlage des Gesamtgewichts Ihrer Bestellung und der gew\u00e4hlten Versandart berechnet und enthalten keine Umsatzsteuer.<\/li>\n\n\n\n<li><strong>Internationale Bestellungen<\/strong>: Unsere Dienstleistungen erstrecken sich derzeit auf die genannten Regionen, wobei wir planen, unsere Versandziele in naher Zukunft zu erweitern. Wir sind bestrebt, unsere einzigartigen, handgefertigten Produkte einem weltweiten Publikum zug\u00e4nglich zu machen.<\/li>\n<\/ul>\n\n\n\n<h2 class=\"wp-block-heading\"><strong>R\u00fcckgabe- und Umtauschbestimmungen<\/strong><\/h2>\n\n\n\n<ul class=\"wp-block-list\">\n<li><strong>Annullierungen<\/strong>: F\u00fcr Bestellungen, die noch nicht versandt wurden, unterst\u00fctzen wir eine vollst\u00e4ndige R\u00fcckerstattung. Diese Politik stellt sicher, dass unsere Kunden Flexibilit\u00e4t und Seelenfrieden w\u00e4hrend des Kaufprozesses haben.<\/li>\n\n\n\n<li><strong>Benutzerdefinierte Artikel<\/strong>: Da unsere Produkte \u00fcberwiegend handgefertigt und auf Bestellung hergestellt werden, k\u00f6nnen handgefertigte Produkte nicht erstattet werden. \u00dcberpr\u00fcfen Sie bei der Bestellung unbedingt die Schreibweise der Namen und die gew\u00e4hlten Oberfl\u00e4chen. Sobald die Produktion begonnen hat, k\u00f6nnen wir keine Stornierungen oder R\u00fcckgaben f\u00fcr diese personalisierten St\u00fccke akzeptieren.<\/li>\n<\/ul>\n\n\n\n<p><strong>Behandlung von Qualit\u00e4tsproblemen<\/strong><\/p>\n\n\n\n<p>Da es sich bei unseren Produkten um handgefertigte Produkte handelt, sind geringf\u00fcgige Abweichungen unvermeidlich und tragen zur Einzigartigkeit eines jeden Artikels bei. Wir bem\u00fchen uns bei jedem St\u00fcck, das wir herstellen, um Exzellenz, aber wir bitten Sie um Verst\u00e4ndnis, wenn es zu kleineren Abweichungen kommt. Sollten Sie Probleme mit unvollst\u00e4ndigen oder fehlenden Artikeln in Ihrer Bestellung haben, kontaktieren Sie uns bitte unter <a href=\"mailto:support@goodlacey.com\" data-type=\"mailto\" data-id=\"mailto:support@goodlacey.com\" target=\"_blank\" rel=\"noreferrer noopener\">support@goodlacey.com<\/a> innerhalb von 7 Tagen nach Erhalt Ihrer Produkte. Wir bem\u00fchen uns, Ihre Anliegen umgehend zu l\u00f6sen und Ihre Zufriedenheit zu gew\u00e4hrleisten.<\/p>\n\n\n\n<p><strong>Kontakt<\/strong><\/p>\n\n\n\n<p>Wenn Sie Fragen zu unseren Versand- und R\u00fcckgaberichtlinien haben oder mehr \u00fcber unsere handgefertigten, auf Bestellung hergestellten Produkte erfahren m\u00f6chten, z\u00f6gern Sie bitte nicht, sich mit uns in Verbindung zu setzen <a href=\"mailto:support@goodlacey.com\" data-type=\"mailto\" data-id=\"mailto:support@goodlacey.com\" target=\"_blank\" rel=\"noreferrer noopener\">support@goodlacey.com<\/a>.<\/p>","protected":false},"excerpt":{"rendered":"<p>Shipping Policy Our shipping services span across the globe, covering the majority of countries worldwide. Specifically, we provide shipping to the United States, Canada, the United Kingdom, New Zealand, Australia, South Korea, Japan, countries throughout Europe, Thailand, and Mexico. This list is not exhaustive, as we continuously work to extend our reach to ensure that [&#8230;]","protected":false},"author":2,"featured_media":0,"parent":0,"menu_order":0,"comment_status":"closed","ping_status":"closed","template":"page-blank-sub-nav-vertical.php","meta":{"_acf_changed":false,"footnotes":""},"class_list":["post-9","page","type-page","status-publish","hentry"],"acf":[],"_links":{"self":[{"href":"https:\/\/topsteelshed.com\/de\/wp-json\/wp\/v2\/pages\/9","targetHints":{"allow":["GET"]}}],"collection":[{"href":"https:\/\/topsteelshed.com\/de\/wp-json\/wp\/v2\/pages"}],"about":[{"href":"https:\/\/topsteelshed.com\/de\/wp-json\/wp\/v2\/types\/page"}],"author":[{"embeddable":true,"href":"https:\/\/topsteelshed.com\/de\/wp-json\/wp\/v2\/users\/2"}],"replies":[{"embeddable":true,"href":"https:\/\/topsteelshed.com\/de\/wp-json\/wp\/v2\/comments?post=9"}],"version-history":[{"count":2,"href":"https:\/\/topsteelshed.com\/de\/wp-json\/wp\/v2\/pages\/9\/revisions"}],"predecessor-version":[{"id":330,"href":"https:\/\/topsteelshed.com\/de\/wp-json\/wp\/v2\/pages\/9\/revisions\/330"}],"wp:attachment":[{"href":"https:\/\/topsteelshed.com\/de\/wp-json\/wp\/v2\/media?parent=9"}],"curies":[{"name":"wp","href":"https:\/\/api.w.org\/{rel}","templated":true}]}}